{"id":354,"date":"2021-04-10T15:27:14","date_gmt":"2021-04-10T15:27:14","guid":{"rendered":"http:\/\/localhost\/wordpress\/event\/?page_id=99"},"modified":"2021-07-20T13:40:59","modified_gmt":"2021-07-20T13:40:59","slug":"vicente-manzano-arrondo","status":"publish","type":"page","link":"https:\/\/ilei.esperantujo.io\/simpozio2021\/prelegantoj\/vicente-manzano-arrondo\/","title":{"rendered":"Vicente Manzano-Arrondo"},"content":{"rendered":"\n<p>Viko (Vicente Manzano-Arrondo) estas profesoro pri esplorado de la homa konduto en la Universitato de Seviljo, Hispanujo. Doktori\u011dis pri psikologio, ekonomio kaj edukado. Unu el liaj \u0109efaj okupi\u011doj temas pri la funkciado de la universitato mondskale, kerne rilate al la internaciaj premoj kaj al la taksado de la esplorada laboro. <\/p>\n\n\n\n<p>En https:\/\/personal.us.es\/vmanzano\/publicaciones.htm oni povas trovi malfermatajn publikiga\u0135ojn.<\/p>\n","protected":false},"excerpt":{"rendered":"<p>Viko (Vicente Manzano-Arrondo) estas profesoro pri esplorado de la homa konduto en la Universitato de Seviljo, Hispanujo. Doktori\u011dis pri psikologio,&hellip; <\/p>\n","protected":false},"author":1,"featured_media":492,"parent":44,"menu_order":0,"comment_status":"closed","ping_status":"closed","template":"","meta":{"_bbp_topic_count":0,"_bbp_reply_count":0,"_bbp_total_topic_count":0,"_bbp_total_reply_count":0,"_bbp_voice_count":0,"_bbp_anonymous_reply_count":0,"_bbp_topic_count_hidden":0,"_bbp_reply_count_hidden":0,"_bbp_forum_subforum_count":0},"_links":{"self":[{"href":"https:\/\/ilei.esperantujo.io\/simpozio2021\/wp-json\/wp\/v2\/pages\/354"}],"collection":[{"href":"https:\/\/ilei.esperantujo.io\/simpozio2021\/wp-json\/wp\/v2\/pages"}],"about":[{"href":"https:\/\/ilei.esperantujo.io\/simpozio2021\/wp-json\/wp\/v2\/types\/page"}],"author":[{"embeddable":true,"href":"https:\/\/ilei.esperantujo.io\/simpozio2021\/wp-json\/wp\/v2\/users\/1"}],"replies":[{"embeddable":true,"href":"https:\/\/ilei.esperantujo.io\/simpozio2021\/wp-json\/wp\/v2\/comments?post=354"}],"version-history":[{"count":5,"href":"https:\/\/ilei.esperantujo.io\/simpozio2021\/wp-json\/wp\/v2\/pages\/354\/revisions"}],"predecessor-version":[{"id":493,"href":"https:\/\/ilei.esperantujo.io\/simpozio2021\/wp-json\/wp\/v2\/pages\/354\/revisions\/493"}],"up":[{"embeddable":true,"href":"https:\/\/ilei.esperantujo.io\/simpozio2021\/wp-json\/wp\/v2\/pages\/44"}],"wp:featuredmedia":[{"embeddable":true,"href":"https:\/\/ilei.esperantujo.io\/simpozio2021\/wp-json\/wp\/v2\/media\/492"}],"wp:attachment":[{"href":"https:\/\/ilei.esperantujo.io\/simpozio2021\/wp-json\/wp\/v2\/media?parent=354"}],"curies":[{"name":"wp","href":"https:\/\/api.w.org\/{rel}","templated":true}]}}