{"id":3,"date":"2021-06-02T14:00:22","date_gmt":"2021-06-02T14:00:22","guid":{"rendered":"https:\/\/ilei.esperantujo.io\/veki2021\/?page_id=3"},"modified":"2021-07-11T17:39:30","modified_gmt":"2021-07-11T17:39:30","slug":"privateco","status":"publish","type":"page","link":"https:\/\/ilei.esperantujo.io\/veki2021\/privateco\/","title":{"rendered":"Privateco"},"content":{"rendered":"\n<p>La ILEI-estraro komunikas al siaj membroj:<\/p>\n\n\n\n<ol><li>La sidejo de la Internacia Ligo de Esperantistaj Instruistoj (ILEI) estas en Nieuwe Binnenweg 176, 3015 BJ Roterdamo, Nederlando. En E\u016dropa Unio.<\/li><li>ILEI havas datumojn pri vi nur se vi mem transdonis ilin. ILEI uzas la datumojn por informi vin pri Esperanto kaj pri la agado de la Ligo, kaj por plenumi viajn ali\u011dojn, abonojn kaj mendojn, kaj por statistikaj celoj.<\/li><li>ILEI havas sekciojn, reprezentantojn kaj kontaktpersonojn en pluraj landoj. La ILEI-sekciestro en via lando povas havi datumojn pri vi, anka\u016d se vi lo\u011das ekster E\u016dropa Unio (EU).<\/li><li>Kiam vi membri\u011das en ILEI, vi povas samtempe membri\u011di en la ILEI-sekcio de via teritorio. Tiam ILEI donos informojn pri vi al la sekciestro. Se vi ali\u011das rekte al sekcio de ILEI, tiu grupo donos viajn datumojn al ILEI.<\/li><li>ILEI estas faka asocio de Universala Esperanto-Asocio (UEA). Tial ILEI kaj UEA povas inter\u015dan\u011di informojn. Anka\u016d UEA estas en EU kaj devas respekti la regulojn de EU pri privateco.<\/li><li>La teknika realiganto de la 54-a Virtuala Esperanto-Kongreso ILEI estas la entrepreno&nbsp;Civiencia subtenite de E\u016drodesign kun sidejo en Calle Manuel Bermudo Barrera 3, 4A-D&nbsp;41004 Seviljo, Hispanio. \u011ci traktos kaj konservos la datumojn necesajn por organizado kaj realigado de la VEKI 2.<ul><li>Civiencia uzas servon de Google LLC, kiu havas sidejon en 1600 Amphitheatre Parkway, Mountain View, CA 94043, Usono (poste nur \u201cGoogle\u201d). Datumoj, inkluzive de viaj personaj datumoj, estas enmetataj en programojn de Google kaj konservataj en iliaj serviloj en Usono. Tio signifas, ke viaj personaj datumoj estas sendataj ekster la E\u016dropan Union, nome al Usono.<\/li><li>Ni volas informi vin, ke GDPR permesas sendadon de personaj datumoj al aliaj landoj ekster la E\u016dropa Unio, interalie kondi\u0109e ke la E\u016dropa Komisiono decidis, ke tiuj landoj certigas sufi\u0109an nivelon de protekto. La\u016d la decido pri sufi\u0109eco de la E\u016dropa Komisiono, Usono estas lando kun sufi\u0109a nivelo de protekto per la kadro Privacy Shield, kiu estis adoptita la 12-an de julio 2016. Google certias, ke dum sendado de personaj datumoj de E\u016dropa Unio al aliaj landoj, \u011di plenumas la kondi\u0109ojn de la le\u011daro, kiu certigas saman nivelon de protekto kiel la le\u011daj postuloj de la E\u016dropa Unio, inkluzive de la kadro Privacy Field. Google provizas detalajn informojn pri la le\u011daj konsideroj, kiuj rilatas al sendado de personaj datumoj; vi povas legi ilin en ilia retejo:&nbsp;<a rel=\"noreferrer noopener\" href=\"https:\/\/policies.google.com\/privacy\/frameworks\" target=\"_blank\">https:\/\/policies.google.com\/privacy\/frameworks<\/a>.<\/li><\/ul><\/li><li>ILEI ne donos datumojn pri vi al aliaj, ol la supre menciitaj instancoj.<\/li><li>Vi rajtas iam ajn kontroli la datumojn, kiujn ILEI havas pri vi, korekti ilin, a\u016d peti forigon de ili. Vi rajtas iam ajn nuligi vian konsenton pri la kolektado de datumoj pri vi. ILEI tenas la datumojn, \u011dis vi petas korekton a\u016d forigon de ili. Por kontakti la Ligon pri tiu temo bonvolu skribi al ILEI-Oficejo:&nbsp;<a href=\"mailto:ilei.oficejo@gmail.com\">ilei.oficejo@gmail.com<\/a>.<\/li><li>Se iam ekestus problemoj \u0109i-rilate inter vi kaj ILEI, vi havas la rajton plendi \u0109e la&nbsp;<a rel=\"noreferrer noopener\" href=\"https:\/\/www.privacycommission.be\/\" target=\"_blank\">a\u016dtoritato pri protektado de datumoj<\/a>&nbsp;en Nederlando.<\/li><\/ol>\n\n\n\n<p>Lasta \u011disdatigo de \u0109i tiu deklaro pri privateco: La 2-an de junio, 2021<\/p>\n","protected":false},"excerpt":{"rendered":"<p>La ILEI-estraro komunikas al siaj membroj: La sidejo de la Internacia Ligo de Esperantistaj Instruistoj (ILEI) estas en Nieuwe Binnenweg 176, 3015 BJ Roterdamo, Nederlando. En E\u016dropa Unio. ILEI havas datumojn pri vi nur se vi mem transdonis ilin. ILEI uzas la datumojn por informi vin pri Esperanto kaj pri la agado de la Ligo, [&hellip;]<\/p>\n","protected":false},"author":1,"featured_media":0,"parent":0,"menu_order":0,"comment_status":"closed","ping_status":"closed","template":"","meta":{"_bbp_topic_count":0,"_bbp_reply_count":0,"_bbp_total_topic_count":0,"_bbp_total_reply_count":0,"_bbp_voice_count":0,"_bbp_anonymous_reply_count":0,"_bbp_topic_count_hidden":0,"_bbp_reply_count_hidden":0,"_bbp_forum_subforum_count":0,"spay_email":""},"jetpack-related-posts":[{"id":222,"url":"https:\/\/ilei.esperantujo.io\/veki2021\/pri-ilei\/","url_meta":{"origin":3,"position":0},"title":"ILEI","date":"A\u016dgusto 23, 2020","format":false,"excerpt":"Internacia Ligo de Esperantistaj Instruistoj Kio estas ILEI? Internacia Ligo de Esperantistaj Instruistoj (ILEI) estas la \u0109efa kolekti\u011dejo por instruistoj kaj edukistoj de Esperanto. ILEI estas ali\u011dinta faka asocio de Universala Esperanto-Asocio kaj \u011di havas sekciojn en pli ol 40 landoj kaj membrojn en pli ol 70. Kelkaj sekcioj havas\u2026","rel":"","context":"Simila afi\u015do","img":{"alt_text":"","src":"https:\/\/i0.wp.com\/ilei.esperantujo.io\/veki2021\/wp-content\/uploads\/2021\/06\/ilei.png?fit=1200%2C567&ssl=1&resize=350%2C200","width":350,"height":200},"classes":[]},{"id":630,"url":"https:\/\/ilei.esperantujo.io\/veki2021\/kiel-partopreni-en-veki-2\/","url_meta":{"origin":3,"position":1},"title":"Kiel partopreni en VEKI 2?","date":"Junio 3, 2021","format":false,"excerpt":"VEKI 2 estas paga evento. Por \u011dui nian programon bone, oni bezonas registri\u011di en \u0109i tiu retejo. Depende de membrostato, oni vidas kongresejon kie ni povas \u011dui VEKI 2! Pa\u015doj por partopreni en VEKI 2 Malfermi konton (Registri\u011di en retejo VEKI2)Sendi ali\u011dilon (Ali\u011di la VEKI2)Pagi kongreskotizon (Pagi kotizon)Esti konfirmita la\u2026","rel":"","context":"Simila afi\u015do","img":{"alt_text":"","src":"","width":0,"height":0},"classes":[]},{"id":230,"url":"https:\/\/ilei.esperantujo.io\/veki2021\/pri-veki-2\/","url_meta":{"origin":3,"position":2},"title":"Pri VEKI 2","date":"Junio 1, 2021","format":false,"excerpt":"Virtuala Esperanto-Kongreso ILEI Pro la diversaj atakoj de retpiratoj en pluraj enretaj eventoj komence de 2020 la estraro de\u00a0ILEI\u00a0provas trovi solvon por malfaciligi la aliron al la evento\u00a0VEKI\u00a0al tiaj \u011denuloj. La estraro elektis du vojojn: ali\u011do endas kaj pago endas. La ali\u011doj ebligos al la organizantoj pli efike labori en\u2026","rel":"","context":"Simila afi\u015do","img":{"alt_text":"","src":"https:\/\/i1.wp.com\/ilei.esperantujo.io\/veki2021\/wp-content\/uploads\/2021\/06\/veki2021_o.png?fit=665%2C739&ssl=1&resize=350%2C200","width":350,"height":200},"classes":[]},{"id":749,"url":"https:\/\/ilei.esperantujo.io\/veki2021\/se-vi-ne-volas-malfermi-konton\/","url_meta":{"origin":3,"position":3},"title":"Se vi ne volas malfermi konton...","date":"Julio 15, 2021","format":false,"excerpt":"Kial bezonas malfermi konton en \u0109i tiu retejo? VEKI 2 estas paga evento. La Kongreskotizoj estas : por A-landanoj 20 EUR. Por B-landanoj 10 EUR. Por subvenciataj personoj 5 EUR. Do, por doni aliron pri kongresejo, ni organizantoj bezonas kontroli ali\u011dintojn kaj pagojn. Kaj la reteja sistemo multe helpas nin\u2026","rel":"","context":"Simila afi\u015do","img":{"alt_text":"","src":"","width":0,"height":0},"classes":[]},{"id":1008,"url":"https:\/\/ilei.esperantujo.io\/veki2021\/programo-10an\/","url_meta":{"origin":3,"position":4},"title":"10an-kvara tago","date":"A\u016dgusto 6, 2021","format":false,"excerpt":"PREZENTOJ https:\/\/zoom.us\/rec\/share\/pIPqE8Y2PzuWBlxHU75eE7ctOXZzvH56PDM2b_6t6NIu5M64GDWj69qrrnGwBNTT.JDaPpDgZEGbzPka-?startTime=1628571601000 Aldo Grassini : Muzeo por tu\u015di: Arto \u201cvidebla\u201d anka\u016d por blinduloj (parolado+prezento de la bildoj) Ermanno Tarracchini : La \u0109iutaga vivo kiel historio sen timoj kaj sen psikiatrio KUNSIDO DE LA KOMITATO\/KONCERTO KUNSIDO DE LA KOMITATO estas viv-elsendi\u011dos en jutubo-kanalo de ILEI. https:\/\/youtu.be\/R8akuAdabW4 Post komitatkunsido de ILEI, sekvos\u2026","rel":"","context":"Simila afi\u015do","img":{"alt_text":"","src":"https:\/\/i1.wp.com\/img.youtube.com\/vi\/R8akuAdabW4\/0.jpg?resize=350%2C200","width":350,"height":200},"classes":[]},{"id":1010,"url":"https:\/\/ilei.esperantujo.io\/veki2021\/programo-11an\/","url_meta":{"origin":3,"position":5},"title":"11an-kvina tago","date":"A\u016dgusto 6, 2021","format":false,"excerpt":"GRANDA DEBATO https:\/\/zoom.us\/rec\/share\/am790xWxfC-0_6_0vJtU7rs4wM28WZTy22wcNQgOYJPi0LIXwiDWU4A5PxA081yR.iqB_hOIK2qjgPnIo?startTime=1628657841000 Granda debato\u00a0:\u00a0kiel efike instrui Esperanton en Afriko, kun Gilbert Ndihokubwayo (Burundo), Adj\u00e9vi Adj\u00e9 (Togolando) kaj Mireille Grosjean (internacia observanto) Adj\u00e9vi Adj\u00e9 Gilbert Ndihokubwayo Mireille Grosjean AMO-SEMINARIO 76 https:\/\/zoom.us\/rec\/share\/obV-AmNLPGzwzS8spKzLJkK0-jCbPLaJWAmHzLZmFYG9FzKi4dizlzKNLnrc8U0q.gzwpJr9ZXWB2azym?startTime=1628686784000 AMO-SEMINARIO 76\u00a0:\u00a0Edukado pri \/ al \/ per Esperanto-kulturo. 13.00 Enkonduko 13.10 HORI Jasuo: Esperanto Sumoo Hori Jasuo 13.40 BAK\u2026","rel":"","context":"Simila afi\u015do","img":{"alt_text":"","src":"","width":0,"height":0},"classes":[]}],"_links":{"self":[{"href":"https:\/\/ilei.esperantujo.io\/veki2021\/wp-json\/wp\/v2\/pages\/3"}],"collection":[{"href":"https:\/\/ilei.esperantujo.io\/veki2021\/wp-json\/wp\/v2\/pages"}],"about":[{"href":"https:\/\/ilei.esperantujo.io\/veki2021\/wp-json\/wp\/v2\/types\/page"}],"author":[{"embeddable":true,"href":"https:\/\/ilei.esperantujo.io\/veki2021\/wp-json\/wp\/v2\/users\/1"}],"replies":[{"embeddable":true,"href":"https:\/\/ilei.esperantujo.io\/veki2021\/wp-json\/wp\/v2\/comments?post=3"}],"version-history":[{"count":3,"href":"https:\/\/ilei.esperantujo.io\/veki2021\/wp-json\/wp\/v2\/pages\/3\/revisions"}],"predecessor-version":[{"id":611,"href":"https:\/\/ilei.esperantujo.io\/veki2021\/wp-json\/wp\/v2\/pages\/3\/revisions\/611"}],"wp:attachment":[{"href":"https:\/\/ilei.esperantujo.io\/veki2021\/wp-json\/wp\/v2\/media?parent=3"}],"curies":[{"name":"wp","href":"https:\/\/api.w.org\/{rel}","templated":true}]}}