{"id":459,"date":"2021-06-09T22:38:33","date_gmt":"2021-06-09T22:38:33","guid":{"rendered":"https:\/\/ilei.esperantujo.io\/veki2021\/?page_id=459"},"modified":"2021-07-11T17:12:10","modified_gmt":"2021-07-11T17:12:10","slug":"kontakto","status":"publish","type":"page","link":"https:\/\/ilei.esperantujo.io\/veki2021\/kontakto\/","title":{"rendered":"Kontakto"},"content":{"rendered":"\n<div class=\"wp-block-contact-form-7-contact-form-selector\"><div role=\"form\" class=\"wpcf7\" id=\"wpcf7-f602-o1\" lang=\"ko-KR\" dir=\"ltr\">\n<div class=\"screen-reader-response\"><p role=\"status\" aria-live=\"polite\" aria-atomic=\"true\"><\/p> <ul><\/ul><\/div>\n<form action=\"\/veki2021\/wp-json\/wp\/v2\/pages\/459#wpcf7-f602-o1\" method=\"post\" class=\"wpcf7-form init\" novalidate=\"novalidate\" data-status=\"init\">\n<div style=\"display: none;\">\n<input type=\"hidden\" name=\"_wpcf7\" value=\"602\" \/>\n<input type=\"hidden\" name=\"_wpcf7_version\" value=\"5.4.2\" \/>\n<input type=\"hidden\" name=\"_wpcf7_locale\" value=\"ko_KR\" \/>\n<input type=\"hidden\" name=\"_wpcf7_unit_tag\" value=\"wpcf7-f602-o1\" \/>\n<input type=\"hidden\" name=\"_wpcf7_container_post\" value=\"0\" \/>\n<input type=\"hidden\" name=\"_wpcf7_posted_data_hash\" value=\"\" \/>\n<\/div>\n<p><label> Plena nomo* (deviga)<br \/>\n    <span class=\"wpcf7-form-control-wrap your-name\"><input type=\"text\" name=\"your-name\" value=\"\" size=\"40\" class=\"wpcf7-form-control wpcf7-text wpcf7-validates-as-required\" aria-required=\"true\" aria-invalid=\"false\" \/><\/span> <\/label><\/p>\n<p><label> Retadreso* (deviga)<br \/>\n    <span class=\"wpcf7-form-control-wrap your-email\"><input type=\"email\" name=\"your-email\" value=\"\" size=\"40\" class=\"wpcf7-form-control wpcf7-text wpcf7-email wpcf7-validates-as-required wpcf7-validates-as-email\" aria-required=\"true\" aria-invalid=\"false\" \/><\/span> <\/label><\/p>\n<p><label> Titolo<br \/>\n    <span class=\"wpcf7-form-control-wrap your-subject\"><input type=\"text\" name=\"your-subject\" value=\"\" size=\"40\" class=\"wpcf7-form-control wpcf7-text wpcf7-validates-as-required\" aria-required=\"true\" aria-invalid=\"false\" \/><\/span> <\/label><\/p>\n<p><label> Via Mesa\u011do<br \/>\n    <span class=\"wpcf7-form-control-wrap your-message\"><textarea name=\"your-message\" cols=\"40\" rows=\"10\" class=\"wpcf7-form-control wpcf7-textarea\" aria-invalid=\"false\"><\/textarea><\/span> <\/label><\/p>\n<p><input type=\"submit\" value=\"Sendi\" class=\"wpcf7-form-control wpcf7-submit\" \/><\/p>\n<div class=\"wpcf7-response-output\" aria-hidden=\"true\"><\/div><\/form><\/div><\/div>\n","protected":false},"excerpt":{"rendered":"","protected":false},"author":1,"featured_media":0,"parent":0,"menu_order":0,"comment_status":"closed","ping_status":"closed","template":"","meta":{"_bbp_topic_count":0,"_bbp_reply_count":0,"_bbp_total_topic_count":0,"_bbp_total_reply_count":0,"_bbp_voice_count":0,"_bbp_anonymous_reply_count":0,"_bbp_topic_count_hidden":0,"_bbp_reply_count_hidden":0,"_bbp_forum_subforum_count":0,"spay_email":""},"jetpack-related-posts":[{"id":251,"url":"https:\/\/ilei.esperantujo.io\/veki2021\/aligxilo\/","url_meta":{"origin":459,"position":0},"title":"Ali\u011dilo","date":"Junio 10, 2021","format":false,"excerpt":"Por 54-a ILEI-Kongreso VEKI 2 7 \u2013 14 a\u016dgusto 2021 TEMO : Esperanto-kulturo en Esperanto-kursoj legi pri alvoko de malfacila\u0135o de transpago al E\u016dropo legi deklaron pri privateco","rel":"","context":"Simila afi\u015do","img":{"alt_text":"","src":"","width":0,"height":0},"classes":[]},{"id":1010,"url":"https:\/\/ilei.esperantujo.io\/veki2021\/programo-11an\/","url_meta":{"origin":459,"position":1},"title":"11an-kvina tago","date":"A\u016dgusto 6, 2021","format":false,"excerpt":"GRANDA DEBATO https:\/\/zoom.us\/rec\/share\/am790xWxfC-0_6_0vJtU7rs4wM28WZTy22wcNQgOYJPi0LIXwiDWU4A5PxA081yR.iqB_hOIK2qjgPnIo?startTime=1628657841000 Granda debato\u00a0:\u00a0kiel efike instrui Esperanton en Afriko, kun Gilbert Ndihokubwayo (Burundo), Adj\u00e9vi Adj\u00e9 (Togolando) kaj Mireille Grosjean (internacia observanto) Adj\u00e9vi Adj\u00e9 Gilbert Ndihokubwayo Mireille Grosjean AMO-SEMINARIO 76 https:\/\/zoom.us\/rec\/share\/obV-AmNLPGzwzS8spKzLJkK0-jCbPLaJWAmHzLZmFYG9FzKi4dizlzKNLnrc8U0q.gzwpJr9ZXWB2azym?startTime=1628686784000 AMO-SEMINARIO 76\u00a0:\u00a0Edukado pri \/ al \/ per Esperanto-kulturo. 13.00 Enkonduko 13.10 HORI Jasuo: Esperanto Sumoo Hori Jasuo 13.40 BAK\u2026","rel":"","context":"Simila afi\u015do","img":{"alt_text":"","src":"","width":0,"height":0},"classes":[]}],"_links":{"self":[{"href":"https:\/\/ilei.esperantujo.io\/veki2021\/wp-json\/wp\/v2\/pages\/459"}],"collection":[{"href":"https:\/\/ilei.esperantujo.io\/veki2021\/wp-json\/wp\/v2\/pages"}],"about":[{"href":"https:\/\/ilei.esperantujo.io\/veki2021\/wp-json\/wp\/v2\/types\/page"}],"author":[{"embeddable":true,"href":"https:\/\/ilei.esperantujo.io\/veki2021\/wp-json\/wp\/v2\/users\/1"}],"replies":[{"embeddable":true,"href":"https:\/\/ilei.esperantujo.io\/veki2021\/wp-json\/wp\/v2\/comments?post=459"}],"version-history":[{"count":4,"href":"https:\/\/ilei.esperantujo.io\/veki2021\/wp-json\/wp\/v2\/pages\/459\/revisions"}],"predecessor-version":[{"id":605,"href":"https:\/\/ilei.esperantujo.io\/veki2021\/wp-json\/wp\/v2\/pages\/459\/revisions\/605"}],"wp:attachment":[{"href":"https:\/\/ilei.esperantujo.io\/veki2021\/wp-json\/wp\/v2\/media?parent=459"}],"curies":[{"name":"wp","href":"https:\/\/api.w.org\/{rel}","templated":true}]}}