{"id":473,"date":"2021-06-09T23:00:00","date_gmt":"2021-06-09T23:00:00","guid":{"rendered":"https:\/\/ilei.esperantujo.io\/veki2021\/password-reset\/"},"modified":"2021-06-09T23:11:26","modified_gmt":"2021-06-09T23:11:26","slug":"forgesis-pasvorton","status":"publish","type":"page","link":"https:\/\/ilei.esperantujo.io\/veki2021\/forgesis-pasvorton\/","title":{"rendered":"Forgesis pasvorton"},"content":{"rendered":"\r\n<div class=\"um um-password um-um_password_id\">\r\n\t<div class=\"um-form\">\r\n\t\t<form method=\"post\" action=\"\">\r\n\t\t\t\r\n\t\t\t\t<input type=\"hidden\" name=\"_um_password_reset\" id=\"_um_password_reset\" value=\"1\" \/>\r\n\r\n\t\t\t\t\t\t\t\t\t<div class=\"um-field um-field-block um-field-type_block\">\r\n\t\t\t\t\t\t<div class=\"um-field-block\">\r\n\t\t\t\t\t\t\t<div style=\"text-align:center;\">\r\n\t\t\t\t\t\t\t\tTo reset your password, please enter your email address or username below\t\t\t\t\t\t\t<\/div>\r\n\t\t\t\t\t\t<\/div>\r\n\t\t\t\t\t<\/div>\r\n\t\t\t\t<div  id=\"um_field_um_password_id_username_b\" class=\"um-field um-field-text  um-field-username_b um-field-text um-field-type_text\" data-key=\"username_b\"><div class=\"um-field-area\"><input  autocomplete=\"off\" class=\"um-form-field valid \" type=\"text\" name=\"username_b\" id=\"username_b\" value=\"\" placeholder=\"Enter your username or email\" data-validate=\"\" data-key=\"username_b\" \/>\n\n\t\t\t\t\t\t<\/div><\/div>\r\n\t\t\t\t<div class=\"um-col-alt um-col-alt-b\">\r\n\r\n\t\t\t\t\t<div class=\"um-center\">\r\n\t\t\t\t\t\t<input type=\"submit\" value=\"Reset my password\" class=\"um-button\" id=\"um-submit-btn\" \/>\r\n\t\t\t\t\t<\/div>\r\n\r\n\t\t\t\t\t<div class=\"um-clear\"><\/div>\r\n\r\n\t\t\t\t<\/div>\r\n\r\n\t\t\t\t\t\t<input type=\"hidden\" name=\"form_id\" id=\"form_id_um_password_id\" value=\"um_password_id\" \/>\r\n\t\r\n\t<p class=\"um_request_name\">\r\n\t\t<label for=\"um_request_um_password_id\">Only fill in if you are not human<\/label>\r\n\t\t<input type=\"hidden\" name=\"um_request\" id=\"um_request_um_password_id\" class=\"input\" value=\"\" size=\"25\" autocomplete=\"off\" \/>\r\n\t<\/p>\r\n\r\n\t\t\t<\/form>\r\n\t<\/div>\r\n<\/div>\r\n<style type=\"text\/css\">\n.um-um_password_id.um {\n\tmax-width: 450px;\n}<\/style>\n\n","protected":false},"excerpt":{"rendered":"","protected":false},"author":1,"featured_media":0,"parent":0,"menu_order":0,"comment_status":"closed","ping_status":"closed","template":"","meta":{"_bbp_topic_count":0,"_bbp_reply_count":0,"_bbp_total_topic_count":0,"_bbp_total_reply_count":0,"_bbp_voice_count":0,"_bbp_anonymous_reply_count":0,"_bbp_topic_count_hidden":0,"_bbp_reply_count_hidden":0,"_bbp_forum_subforum_count":0,"spay_email":""},"jetpack-related-posts":[{"id":630,"url":"https:\/\/ilei.esperantujo.io\/veki2021\/kiel-partopreni-en-veki-2\/","url_meta":{"origin":473,"position":0},"title":"Kiel partopreni en VEKI 2?","date":"Junio 3, 2021","format":false,"excerpt":"VEKI 2 estas paga evento. Por \u011dui nian programon bone, oni bezonas registri\u011di en \u0109i tiu retejo. Depende de membrostato, oni vidas kongresejon kie ni povas \u011dui VEKI 2! Pa\u015doj por partopreni en VEKI 2 Malfermi konton (Registri\u011di en retejo VEKI2)Sendi ali\u011dilon (Ali\u011di la VEKI2)Pagi kongreskotizon (Pagi kotizon)Esti konfirmita la\u2026","rel":"","context":"Simila afi\u015do","img":{"alt_text":"","src":"","width":0,"height":0},"classes":[]}],"_links":{"self":[{"href":"https:\/\/ilei.esperantujo.io\/veki2021\/wp-json\/wp\/v2\/pages\/473"}],"collection":[{"href":"https:\/\/ilei.esperantujo.io\/veki2021\/wp-json\/wp\/v2\/pages"}],"about":[{"href":"https:\/\/ilei.esperantujo.io\/veki2021\/wp-json\/wp\/v2\/types\/page"}],"author":[{"embeddable":true,"href":"https:\/\/ilei.esperantujo.io\/veki2021\/wp-json\/wp\/v2\/users\/1"}],"replies":[{"embeddable":true,"href":"https:\/\/ilei.esperantujo.io\/veki2021\/wp-json\/wp\/v2\/comments?post=473"}],"version-history":[{"count":1,"href":"https:\/\/ilei.esperantujo.io\/veki2021\/wp-json\/wp\/v2\/pages\/473\/revisions"}],"predecessor-version":[{"id":480,"href":"https:\/\/ilei.esperantujo.io\/veki2021\/wp-json\/wp\/v2\/pages\/473\/revisions\/480"}],"wp:attachment":[{"href":"https:\/\/ilei.esperantujo.io\/veki2021\/wp-json\/wp\/v2\/media?parent=473"}],"curies":[{"name":"wp","href":"https:\/\/api.w.org\/{rel}","templated":true}]}}