{"id":630,"date":"2021-06-03T12:53:00","date_gmt":"2021-06-03T12:53:00","guid":{"rendered":"https:\/\/ilei.esperantujo.io\/veki2021\/?page_id=630"},"modified":"2021-08-06T21:12:25","modified_gmt":"2021-08-06T21:12:25","slug":"kiel-partopreni-en-veki-2","status":"publish","type":"page","link":"https:\/\/ilei.esperantujo.io\/veki2021\/kiel-partopreni-en-veki-2\/","title":{"rendered":"Kiel partopreni en VEKI 2?"},"content":{"rendered":"\n<blockquote class=\"wp-block-quote\"><p>VEKI 2 estas paga evento. Por \u011dui nian programon bone, oni bezonas registri\u011di en \u0109i tiu retejo. Depende de membrostato, oni vidas kongresejon kie ni povas \u011dui VEKI 2!<\/p><\/blockquote>\n\n\n\n<h2>Pa\u015doj por partopreni en VEKI 2<\/h2>\n\n\n\n<p><\/p>\n\n\n\n<ol class=\"has-small-font-size\"><li>Malfermi konton (Registri\u011di en retejo VEKI2)<\/li><li>Sendi ali\u011dilon (Ali\u011di la VEKI2)<\/li><li>Pagi kongreskotizon (Pagi kotizon)<\/li><li>Esti konfirmita la pago (Konfirmi\u011di)<\/li><li>Havi aliron de kongresejo (Aliri al kongresejo)<\/li><li>Kongresumi !<\/li><\/ol>\n\n\n\n<hr class=\"wp-block-separator\"\/>\n\n\n\n<h3><span class=\"has-inline-color has-luminous-vivid-orange-color\">1. Malfermi konton (Registri\u011di en retejo VEKI2)<\/span><\/h3>\n\n\n\n<p>Oni bezonas malfermi konton en \u0109i tiu retejo. Por malfermi konton, ni demandas <strong>Uzantnomon, Personan Nomon, Familian Nomon, Retadreson, Lo\u011dlandon, Membrecon de ILEI<\/strong> kaj vi agordas vian pasvorton.<\/p>\n\n\n\n<p><strong>[GRAVA INFORMO]<\/strong> Post registri\u011do, via membrostato estas a\u016dtomate kiel <em><strong><span class=\"has-inline-color has-vivid-cyan-blue-color\">&#8220;Gasto&#8221;<\/span><\/strong><\/em>, kiu <strong>povas legi, komenti, skribi kaj komuniki<\/strong> en retejo VEKI 2.<\/p>\n\n\n\n<div class=\"wp-block-buttons\">\n<div class=\"wp-block-button is-style-fill\"><a class=\"wp-block-button__link has-vivid-cyan-blue-background-color has-background\" href=\"https:\/\/ilei.esperantujo.io\/veki2021\/registrigxi\/\" style=\"border-radius:6px\" target=\"_blank\" rel=\"noreferrer noopener\">Registru vin<\/a><\/div>\n<\/div>\n\n\n\n<h3><span class=\"has-inline-color has-luminous-vivid-orange-color\">2. Sendi ali\u011dilon (Ali\u011di la VEKI2)<\/span><\/h3>\n\n\n\n<p>Post malfermi vian konton kaj jam vi ensalutis en retejo VEKI 2, vi trovos menuon <strong><span class=\"has-inline-color has-vivid-cyan-blue-color\">&#8220;Ali\u011dilo&#8221;<\/span><\/strong>, kiu ne aperis anta\u016de. <strong>Oni ne vidas la menuon se ne ensalutas en retejo.<\/strong><\/p>\n\n\n\n<h3><span class=\"has-inline-color has-luminous-vivid-orange-color\">3. Pagi kongreskotizon (Pagi kotizon)<\/span><\/h3>\n\n\n\n<p>Vi povas pagi kongreskotizon la\u016d landa kategorio. <\/p>\n\n\n\n<p><strong>A-Landoj<\/strong> : \u0108iuj landoj escepte de tiuj \u0109i-sekve sub B<\/p>\n\n\n\n<p><strong>B-Landoj<\/strong> : Ekssocialismaj landoj de orienta E\u016dropo; landoj de Latinameriko, Afriko, kaj Azio (escepte de Israelo, Japanio kaj Korea Respubliko)<\/p>\n\n\n\n<p><\/p>\n\n\n\n<p>La Kongreskotizoj estos : por <strong>A-landanoj 20<\/strong> EUR. Por <strong>B-landanoj 10 <\/strong>EUR. Por <strong>subvenciataj personoj 5<\/strong> EUR. <\/p>\n\n\n\n<p>legi pri <a rel=\"noreferrer noopener\" href=\"https:\/\/ilei.esperantujo.io\/veki2021\/2021\/06\/03\/alvoko-de-malfacilajo-de-transpago-al-europo\/\" target=\"_blank\">alvoko de malfacila\u0135o de transpago al E\u016dropo<\/a><\/p>\n\n\n\n<h2><strong>Pagmanieroj<\/strong><\/h2>\n\n\n\n<p><strong>Per UEA konto:<\/strong><br>Petu al <a rel=\"noreferrer noopener\" href=\"https:\/\/uea.org\/\" target=\"_blank\">UEA<\/a> \u011diri la monon de via konto al <code>ilek-a<\/code>&nbsp;(la konto de ILEI) kun la jena informo:<br>via nomo plus &#8216;ILEI VEKI-2 kotizo<\/p>\n\n\n\n<p><strong>Per bankokonto:<\/strong><br>Nia bankonto &#8211; IBAN: NL55 INGB 0004 6768 55<br>BIC: INGBNL 2A<br>En la priksribo, inkludu vian nomon plus &#8216;ILEI VEKI-2 kotizo&#8217;.<\/p>\n\n\n\n<p><strong>Per kreditkarto tra UEA:<\/strong><br>Iru al:<br>https:\/\/uea.org\/alighoj\/spagilo<\/p>\n\n\n\n<pre class=\"wp-block-code\"><code>Plenumu la formularon. Ce 'pago-celo', elektu 'alia celo'.\nCe 'Akompanaj notoj, klarigoj:', skribu vian nomon plus 'ILEI VEKI-2 kotizo'.\nCe 'Mi pagas al la CO de UEA\/TEJO', enmetu la prezon en euroj.\nElelktu la kreditkart-tipon, kaj premu butonon 'Plusendu la informon al la CO'.      <\/code><\/pre>\n\n\n\n<p>\u0108iuokaze, sendu la pag-informo al Unika ce:unika@esperantujo.io kaj la kasisto ce: ilei.kasisto@gmail.com<\/p>\n\n\n\n<p><\/p>\n\n\n\n<h3><span class=\"has-inline-color has-luminous-vivid-orange-color\">4. Esti konfirmita pri la pago (Konfirmi\u011di)<\/span><\/h3>\n\n\n\n<p>Organiza teamo kontrolas pagstaton kaj tiam kiam \u0109io enordas, via membrostato i\u011das de <strong>&#8220;Gasto&#8221;<\/strong> al <strong><span class=\"has-inline-color has-vivid-cyan-blue-color\">&#8220;Kongresano&#8221;<\/span><\/strong>.<\/p>\n\n\n\n<p><\/p>\n\n\n\n<h3><span class=\"has-inline-color has-luminous-vivid-orange-color\">5. Havi aliron de kongresejo (Aliri al kongresejo)<\/span><\/h3>\n\n\n\n<p>Vi havos rajton aliri al programeroj kaj Kongresejo.<\/p>\n\n\n\n<h3><span class=\"has-inline-color has-luminous-vivid-orange-color\">6. Kongresumi !<\/span><\/h3>\n\n\n\n<p><\/p>\n\n\n\n<p>Se vi havas dubojn, demandojn, problemojn, bonvolu <a rel=\"noreferrer noopener\" href=\"mailto:veki2021@ilei.esperantujo.io\" target=\"_blank\">kontakti nin<\/a>.<\/p>\n","protected":false},"excerpt":{"rendered":"<p>VEKI 2 estas paga evento. Por \u011dui nian programon bone, oni bezonas registri\u011di en \u0109i tiu retejo. Depende de membrostato, oni vidas kongresejon kie ni povas \u011dui VEKI 2! Pa\u015doj por partopreni en VEKI 2 Malfermi konton (Registri\u011di en retejo VEKI2) Sendi ali\u011dilon (Ali\u011di la VEKI2) Pagi kongreskotizon (Pagi kotizon) Esti konfirmita la pago (Konfirmi\u011di) [&hellip;]<\/p>\n","protected":false},"author":1,"featured_media":0,"parent":0,"menu_order":0,"comment_status":"closed","ping_status":"closed","template":"","meta":{"_bbp_topic_count":0,"_bbp_reply_count":0,"_bbp_total_topic_count":0,"_bbp_total_reply_count":0,"_bbp_voice_count":0,"_bbp_anonymous_reply_count":0,"_bbp_topic_count_hidden":0,"_bbp_reply_count_hidden":0,"_bbp_forum_subforum_count":0,"spay_email":""},"jetpack-related-posts":[{"id":999,"url":"https:\/\/ilei.esperantujo.io\/veki2021\/kongresejo\/","url_meta":{"origin":630,"position":0},"title":"Kongresejo","date":"A\u016dgusto 6, 2021","format":false,"excerpt":"Bonvenon al VEKI 2! La kongreso komenci\u011dos je la 13a UTC, la 7an de a\u016dgusto. Por partopreni kaj \u011dui VEKI 2, vi bezonas : Ensalutu en retejo VEKI 2, kaj vi trovos pa\u011dojn la\u016d la tagoj sub la menuo \"Kongresejo\". \u0108u vi ankora\u016d ne registri\u011dis? Do, sekvu jenajn pa\u015dojn! Malfermi\u2026","rel":"","context":"Simila afi\u015do","img":{"alt_text":"","src":"https:\/\/i2.wp.com\/ilei.esperantujo.io\/veki2021\/wp-content\/uploads\/2021\/08\/veki-kongresumi.png?resize=350%2C200&ssl=1","width":350,"height":200},"classes":[]},{"id":749,"url":"https:\/\/ilei.esperantujo.io\/veki2021\/se-vi-ne-volas-malfermi-konton\/","url_meta":{"origin":630,"position":1},"title":"Se vi ne volas malfermi konton...","date":"Julio 15, 2021","format":false,"excerpt":"Kial bezonas malfermi konton en \u0109i tiu retejo? VEKI 2 estas paga evento. La Kongreskotizoj estas : por A-landanoj 20 EUR. Por B-landanoj 10 EUR. Por subvenciataj personoj 5 EUR. Do, por doni aliron pri kongresejo, ni organizantoj bezonas kontroli ali\u011dintojn kaj pagojn. Kaj la reteja sistemo multe helpas nin\u2026","rel":"","context":"Simila afi\u015do","img":{"alt_text":"","src":"","width":0,"height":0},"classes":[]},{"id":230,"url":"https:\/\/ilei.esperantujo.io\/veki2021\/pri-veki-2\/","url_meta":{"origin":630,"position":2},"title":"Pri VEKI 2","date":"Junio 1, 2021","format":false,"excerpt":"Virtuala Esperanto-Kongreso ILEI Pro la diversaj atakoj de retpiratoj en pluraj enretaj eventoj komence de 2020 la estraro de\u00a0ILEI\u00a0provas trovi solvon por malfaciligi la aliron al la evento\u00a0VEKI\u00a0al tiaj \u011denuloj. La estraro elektis du vojojn: ali\u011do endas kaj pago endas. La ali\u011doj ebligos al la organizantoj pli efike labori en\u2026","rel":"","context":"Simila afi\u015do","img":{"alt_text":"","src":"https:\/\/i1.wp.com\/ilei.esperantujo.io\/veki2021\/wp-content\/uploads\/2021\/06\/veki2021_o.png?fit=665%2C739&ssl=1&resize=350%2C200","width":350,"height":200},"classes":[]},{"id":817,"url":"https:\/\/ilei.esperantujo.io\/veki2021\/aligintoj\/","url_meta":{"origin":630,"position":3},"title":"Ali\u011dintoj","date":"Julio 24, 2021","format":false,"excerpt":"\u0108i tie aperas listo de ali\u011dintoj de VEKI 2. La \u011disdatigo ne estas a\u016dtomata sed mane ni \u011disdatigas. Se via nomo ne aperas ankora\u016d, ne maltrankvili\u011du balda\u016d aperos. Se vi havas dubon kaj deziras demandi por konfirmo bv. skribi al veki2021@ilei.esperantujo.io Se vi volas partopreni en VEKI 2 sed ankora\u016d\u2026","rel":"","context":"Simila afi\u015do","img":{"alt_text":"","src":"","width":0,"height":0},"classes":[]},{"id":251,"url":"https:\/\/ilei.esperantujo.io\/veki2021\/aligxilo\/","url_meta":{"origin":630,"position":4},"title":"Ali\u011dilo","date":"Junio 10, 2021","format":false,"excerpt":"Por 54-a ILEI-Kongreso VEKI 2 7 \u2013 14 a\u016dgusto 2021 TEMO : Esperanto-kulturo en Esperanto-kursoj legi pri alvoko de malfacila\u0135o de transpago al E\u016dropo legi deklaron pri privateco","rel":"","context":"Simila afi\u015do","img":{"alt_text":"","src":"","width":0,"height":0},"classes":[]},{"id":508,"url":"https:\/\/ilei.esperantujo.io\/veki2021\/","url_meta":{"origin":630,"position":5},"title":"VEKI","date":"Marto 30, 2020","format":false,"excerpt":"","rel":"","context":"Simila afi\u015do","img":{"alt_text":"","src":"","width":0,"height":0},"classes":[]}],"_links":{"self":[{"href":"https:\/\/ilei.esperantujo.io\/veki2021\/wp-json\/wp\/v2\/pages\/630"}],"collection":[{"href":"https:\/\/ilei.esperantujo.io\/veki2021\/wp-json\/wp\/v2\/pages"}],"about":[{"href":"https:\/\/ilei.esperantujo.io\/veki2021\/wp-json\/wp\/v2\/types\/page"}],"author":[{"embeddable":true,"href":"https:\/\/ilei.esperantujo.io\/veki2021\/wp-json\/wp\/v2\/users\/1"}],"replies":[{"embeddable":true,"href":"https:\/\/ilei.esperantujo.io\/veki2021\/wp-json\/wp\/v2\/comments?post=630"}],"version-history":[{"count":8,"href":"https:\/\/ilei.esperantujo.io\/veki2021\/wp-json\/wp\/v2\/pages\/630\/revisions"}],"predecessor-version":[{"id":998,"href":"https:\/\/ilei.esperantujo.io\/veki2021\/wp-json\/wp\/v2\/pages\/630\/revisions\/998"}],"wp:attachment":[{"href":"https:\/\/ilei.esperantujo.io\/veki2021\/wp-json\/wp\/v2\/media?parent=630"}],"curies":[{"name":"wp","href":"https:\/\/api.w.org\/{rel}","templated":true}]}}