{"id":749,"date":"2021-07-15T17:49:55","date_gmt":"2021-07-15T17:49:55","guid":{"rendered":"https:\/\/ilei.esperantujo.io\/veki2021\/?page_id=749"},"modified":"2021-07-15T17:49:56","modified_gmt":"2021-07-15T17:49:56","slug":"se-vi-ne-volas-malfermi-konton","status":"publish","type":"page","link":"https:\/\/ilei.esperantujo.io\/veki2021\/se-vi-ne-volas-malfermi-konton\/","title":{"rendered":"Se vi ne volas malfermi konton&#8230;"},"content":{"rendered":"\n<h2>Kial bezonas malfermi konton en \u0109i tiu retejo?<\/h2>\n\n\n\n<p>VEKI 2 estas paga evento. La Kongreskotizoj estas : por <strong>A-landanoj 20<\/strong> EUR. Por <strong>B-landanoj 10 <\/strong>EUR. Por <strong>subvenciataj personoj 5<\/strong> EUR.<\/p>\n\n\n\n<p>Do, por doni aliron pri kongresejo, ni organizantoj bezonas kontroli ali\u011dintojn kaj pagojn. Kaj la reteja sistemo multe helpas nin per a\u016dtomata aran\u011dado. <\/p>\n\n\n\n<p>Se vi malfermas konton en tiu \u0109i retejo, vi povas skribi, komenti kaj komuniki. Kaj kompreneble vi povas fermi konton libere kiam jam VEKI 2 fini\u011dis. <\/p>\n\n\n\n<p>Tamen <span style=\"text-decoration: underline;\">se vi ne volas malfermi konton<\/span> <strong>sed volas partopreni en VEKI 2<\/strong>, bonvole skribu al ni pri via partoprenemo sen konto, do ni sendos al vi aparte per retmesa\u011do pri aliroj de virtualaj \u0109ambroj, kie okazas VEKI 2.<\/p>\n\n\n\n<div class=\"wp-block-buttons\">\n<div class=\"wp-block-button\"><a class=\"wp-block-button__link has-vivid-cyan-blue-background-color has-background\" href=\"mailto:veki2021@ilei.esperantujo.io\" style=\"border-radius:2px\" target=\"_blank\" rel=\"noreferrer noopener\">Sendi retmesa\u011don<\/a><\/div>\n<\/div>\n\n\n\n<p>Vi povas legi pri privateco <em><a rel=\"noreferrer noopener\" href=\"https:\/\/ilei.esperantujo.io\/veki2021\/privateco\/\" target=\"_blank\">\u0109i tie<\/a><\/em>.<\/p>\n","protected":false},"excerpt":{"rendered":"<p>Kial bezonas malfermi konton en \u0109i tiu retejo? VEKI 2 estas paga evento. La Kongreskotizoj estas : por A-landanoj 20 EUR. Por B-landanoj 10 EUR. Por subvenciataj personoj 5 EUR. Do, por doni aliron pri kongresejo, ni organizantoj bezonas kontroli ali\u011dintojn kaj pagojn. Kaj la reteja sistemo multe helpas nin per a\u016dtomata aran\u011dado. Se vi [&hellip;]<\/p>\n","protected":false},"author":1,"featured_media":0,"parent":0,"menu_order":0,"comment_status":"closed","ping_status":"closed","template":"","meta":{"_bbp_topic_count":0,"_bbp_reply_count":0,"_bbp_total_topic_count":0,"_bbp_total_reply_count":0,"_bbp_voice_count":0,"_bbp_anonymous_reply_count":0,"_bbp_topic_count_hidden":0,"_bbp_reply_count_hidden":0,"_bbp_forum_subforum_count":0,"spay_email":""},"jetpack-related-posts":[{"id":630,"url":"https:\/\/ilei.esperantujo.io\/veki2021\/kiel-partopreni-en-veki-2\/","url_meta":{"origin":749,"position":0},"title":"Kiel partopreni en VEKI 2?","date":"Junio 3, 2021","format":false,"excerpt":"VEKI 2 estas paga evento. Por \u011dui nian programon bone, oni bezonas registri\u011di en \u0109i tiu retejo. Depende de membrostato, oni vidas kongresejon kie ni povas \u011dui VEKI 2! Pa\u015doj por partopreni en VEKI 2 Malfermi konton (Registri\u011di en retejo VEKI2)Sendi ali\u011dilon (Ali\u011di la VEKI2)Pagi kongreskotizon (Pagi kotizon)Esti konfirmita la\u2026","rel":"","context":"Simila afi\u015do","img":{"alt_text":"","src":"","width":0,"height":0},"classes":[]},{"id":999,"url":"https:\/\/ilei.esperantujo.io\/veki2021\/kongresejo\/","url_meta":{"origin":749,"position":1},"title":"Kongresejo","date":"A\u016dgusto 6, 2021","format":false,"excerpt":"Bonvenon al VEKI 2! La kongreso komenci\u011dos je la 13a UTC, la 7an de a\u016dgusto. Por partopreni kaj \u011dui VEKI 2, vi bezonas : Ensalutu en retejo VEKI 2, kaj vi trovos pa\u011dojn la\u016d la tagoj sub la menuo \"Kongresejo\". \u0108u vi ankora\u016d ne registri\u011dis? Do, sekvu jenajn pa\u015dojn! Malfermi\u2026","rel":"","context":"Simila afi\u015do","img":{"alt_text":"","src":"https:\/\/i2.wp.com\/ilei.esperantujo.io\/veki2021\/wp-content\/uploads\/2021\/08\/veki-kongresumi.png?resize=350%2C200&ssl=1","width":350,"height":200},"classes":[]},{"id":3,"url":"https:\/\/ilei.esperantujo.io\/veki2021\/privateco\/","url_meta":{"origin":749,"position":2},"title":"Privateco","date":"Junio 2, 2021","format":false,"excerpt":"La ILEI-estraro komunikas al siaj membroj: La sidejo de la Internacia Ligo de Esperantistaj Instruistoj (ILEI) estas en Nieuwe Binnenweg 176, 3015 BJ Roterdamo, Nederlando. En E\u016dropa Unio.ILEI havas datumojn pri vi nur se vi mem transdonis ilin. ILEI uzas la datumojn por informi vin pri Esperanto kaj pri la\u2026","rel":"","context":"Simila afi\u015do","img":{"alt_text":"","src":"","width":0,"height":0},"classes":[]},{"id":230,"url":"https:\/\/ilei.esperantujo.io\/veki2021\/pri-veki-2\/","url_meta":{"origin":749,"position":3},"title":"Pri VEKI 2","date":"Junio 1, 2021","format":false,"excerpt":"Virtuala Esperanto-Kongreso ILEI Pro la diversaj atakoj de retpiratoj en pluraj enretaj eventoj komence de 2020 la estraro de\u00a0ILEI\u00a0provas trovi solvon por malfaciligi la aliron al la evento\u00a0VEKI\u00a0al tiaj \u011denuloj. La estraro elektis du vojojn: ali\u011do endas kaj pago endas. La ali\u011doj ebligos al la organizantoj pli efike labori en\u2026","rel":"","context":"Simila afi\u015do","img":{"alt_text":"","src":"https:\/\/i1.wp.com\/ilei.esperantujo.io\/veki2021\/wp-content\/uploads\/2021\/06\/veki2021_o.png?fit=665%2C739&ssl=1&resize=350%2C200","width":350,"height":200},"classes":[]},{"id":222,"url":"https:\/\/ilei.esperantujo.io\/veki2021\/pri-ilei\/","url_meta":{"origin":749,"position":4},"title":"ILEI","date":"A\u016dgusto 23, 2020","format":false,"excerpt":"Internacia Ligo de Esperantistaj Instruistoj Kio estas ILEI? Internacia Ligo de Esperantistaj Instruistoj (ILEI) estas la \u0109efa kolekti\u011dejo por instruistoj kaj edukistoj de Esperanto. ILEI estas ali\u011dinta faka asocio de Universala Esperanto-Asocio kaj \u011di havas sekciojn en pli ol 40 landoj kaj membrojn en pli ol 70. Kelkaj sekcioj havas\u2026","rel":"","context":"Simila afi\u015do","img":{"alt_text":"","src":"https:\/\/i0.wp.com\/ilei.esperantujo.io\/veki2021\/wp-content\/uploads\/2021\/06\/ilei.png?fit=1200%2C567&ssl=1&resize=350%2C200","width":350,"height":200},"classes":[]},{"id":817,"url":"https:\/\/ilei.esperantujo.io\/veki2021\/aligintoj\/","url_meta":{"origin":749,"position":5},"title":"Ali\u011dintoj","date":"Julio 24, 2021","format":false,"excerpt":"\u0108i tie aperas listo de ali\u011dintoj de VEKI 2. La \u011disdatigo ne estas a\u016dtomata sed mane ni \u011disdatigas. Se via nomo ne aperas ankora\u016d, ne maltrankvili\u011du balda\u016d aperos. Se vi havas dubon kaj deziras demandi por konfirmo bv. skribi al veki2021@ilei.esperantujo.io Se vi volas partopreni en VEKI 2 sed ankora\u016d\u2026","rel":"","context":"Simila afi\u015do","img":{"alt_text":"","src":"","width":0,"height":0},"classes":[]}],"_links":{"self":[{"href":"https:\/\/ilei.esperantujo.io\/veki2021\/wp-json\/wp\/v2\/pages\/749"}],"collection":[{"href":"https:\/\/ilei.esperantujo.io\/veki2021\/wp-json\/wp\/v2\/pages"}],"about":[{"href":"https:\/\/ilei.esperantujo.io\/veki2021\/wp-json\/wp\/v2\/types\/page"}],"author":[{"embeddable":true,"href":"https:\/\/ilei.esperantujo.io\/veki2021\/wp-json\/wp\/v2\/users\/1"}],"replies":[{"embeddable":true,"href":"https:\/\/ilei.esperantujo.io\/veki2021\/wp-json\/wp\/v2\/comments?post=749"}],"version-history":[{"count":1,"href":"https:\/\/ilei.esperantujo.io\/veki2021\/wp-json\/wp\/v2\/pages\/749\/revisions"}],"predecessor-version":[{"id":751,"href":"https:\/\/ilei.esperantujo.io\/veki2021\/wp-json\/wp\/v2\/pages\/749\/revisions\/751"}],"wp:attachment":[{"href":"https:\/\/ilei.esperantujo.io\/veki2021\/wp-json\/wp\/v2\/media?parent=749"}],"curies":[{"name":"wp","href":"https:\/\/api.w.org\/{rel}","templated":true}]}}