{"id":999,"date":"2021-08-06T21:36:54","date_gmt":"2021-08-06T21:36:54","guid":{"rendered":"https:\/\/ilei.esperantujo.io\/veki2021\/?page_id=999"},"modified":"2021-08-07T18:23:14","modified_gmt":"2021-08-07T18:23:14","slug":"kongresejo","status":"publish","type":"page","link":"https:\/\/ilei.esperantujo.io\/veki2021\/kongresejo\/","title":{"rendered":"Kongresejo"},"content":{"rendered":"\n<h2>Bonvenon al VEKI 2!<\/h2>\n\n\n\n<p>La kongreso komenci\u011dos je la 13a UTC, la 7an de a\u016dgusto. <\/p>\n\n\n\n<p><\/p>\n\n\n\n<p>Por partopreni kaj \u011dui VEKI 2, vi bezonas :<\/p>\n\n\n\n<p><strong><span class=\"has-inline-color has-vivid-red-color\">Ensalutu en retejo VEKI 2<\/span><\/strong>, kaj vi trovos <span style=\"text-decoration: underline;\"> pa\u011dojn la\u016d la tagoj  sub la menuo<\/span> <strong>&#8220;Kongresejo&#8221;.<\/strong><\/p>\n\n\n\n<p><\/p>\n\n\n\n<p><span class=\"has-inline-color has-luminous-vivid-orange-color\"><strong>\u0108u vi ankora\u016d ne registri\u011dis?<\/strong><\/span> Do, sekvu jenajn pa\u015dojn!<\/p>\n\n\n\n<ol><li><span class=\"has-inline-color has-vivid-cyan-blue-color\">Malfermi konton<\/span> \u0109e VEKI 2, tiu \u0109i retejo (post malfermi konton, via stato estas &#8220;Gasto&#8221;)<\/li><li><span class=\"has-inline-color has-vivid-cyan-blue-color\">Sendi ali\u011dilon<\/span> (post via malfermo de la konto, ali\u011dilo aperas en retejo \u0109e menuoj, subl la menuo &#8220;ali\u011dintoj&#8221;)<\/li><li><span class=\"has-inline-color has-vivid-cyan-blue-color\">Pagi<\/span> kongreskotizon<\/li><li>Via pago estu konfirmita<\/li><li>Teknika teamo \u015dan\u011das vian identecon de <span class=\"has-inline-color has-vivid-cyan-blue-color\">&#8220;Gasto&#8221; al &#8220;Kongresano&#8221;<\/span><\/li><\/ol>\n\n\n\n<p>Do, vi vidos sub la menuo &#8220;Kongresejo&#8221; , pa\u011dojn la\u016d la tago. Tie trovi\u011das programeroj kaj aliroj. <\/p>\n\n\n\n<p><span class=\"has-inline-color has-vivid-red-color\">Se vi ankora\u016d ne pagis kongreskotizon, la pa\u011doj la\u016d la tagoj ne aperas<\/span>.<\/p>\n\n\n\n<figure class=\"wp-block-image size-large\"><img loading=\"lazy\" width=\"640\" height=\"273\" src=\"https:\/\/i2.wp.com\/ilei.esperantujo.io\/veki2021\/wp-content\/uploads\/2021\/08\/veki-kongresumi.png?resize=640%2C273&#038;ssl=1\" alt=\"\" class=\"wp-image-1144\" srcset=\"https:\/\/i2.wp.com\/ilei.esperantujo.io\/veki2021\/wp-content\/uploads\/2021\/08\/veki-kongresumi.png?resize=1024%2C436&amp;ssl=1 1024w, https:\/\/i2.wp.com\/ilei.esperantujo.io\/veki2021\/wp-content\/uploads\/2021\/08\/veki-kongresumi.png?resize=300%2C128&amp;ssl=1 300w, https:\/\/i2.wp.com\/ilei.esperantujo.io\/veki2021\/wp-content\/uploads\/2021\/08\/veki-kongresumi.png?resize=768%2C327&amp;ssl=1 768w, https:\/\/i2.wp.com\/ilei.esperantujo.io\/veki2021\/wp-content\/uploads\/2021\/08\/veki-kongresumi.png?resize=1536%2C653&amp;ssl=1 1536w, https:\/\/i2.wp.com\/ilei.esperantujo.io\/veki2021\/wp-content\/uploads\/2021\/08\/veki-kongresumi.png?resize=600%2C255&amp;ssl=1 600w, https:\/\/i2.wp.com\/ilei.esperantujo.io\/veki2021\/wp-content\/uploads\/2021\/08\/veki-kongresumi.png?w=1878&amp;ssl=1 1878w, https:\/\/i2.wp.com\/ilei.esperantujo.io\/veki2021\/wp-content\/uploads\/2021\/08\/veki-kongresumi.png?w=1280&amp;ssl=1 1280w\" sizes=\"(max-width: 640px) 100vw, 640px\" data-recalc-dims=\"1\" \/><\/figure>\n\n\n\n<p><strong>Se vi havas dubojn kaj problemojn, bv. skribi al <\/strong><a rel=\"noreferrer noopener\" href=\"mailto:veki2021@ilei.esperantujo.io\" target=\"_blank\">veki2021@ilei.esperantujo.io<\/a><\/p>\n\n\n\n<p><\/p>\n\n\n\n<p>Tiu \u0109i pa\u011do estas publika, do tiuj kiuj ne estas kongresanoj kaj ne ali\u011dis en VEKI 2, anka\u016d povas legi.<\/p>\n\n\n\n<p><span class=\"has-inline-color has-vivid-green-cyan-color\">Tiu \u0109i informo estas \u011disdatigita je la 18:30 UTC<\/span><\/p>\n","protected":false},"excerpt":{"rendered":"<p>Bonvenon al VEKI 2! La kongreso komenci\u011dos je la 13a UTC, la 7an de a\u016dgusto. Por partopreni kaj \u011dui VEKI 2, vi bezonas : Ensalutu en retejo VEKI 2, kaj vi trovos pa\u011dojn la\u016d la tagoj sub la menuo &#8220;Kongresejo&#8221;. \u0108u vi ankora\u016d ne registri\u011dis? Do, sekvu jenajn pa\u015dojn! Malfermi konton \u0109e VEKI 2, tiu [&hellip;]<\/p>\n","protected":false},"author":1,"featured_media":0,"parent":0,"menu_order":0,"comment_status":"closed","ping_status":"closed","template":"","meta":{"_bbp_topic_count":0,"_bbp_reply_count":0,"_bbp_total_topic_count":0,"_bbp_total_reply_count":0,"_bbp_voice_count":0,"_bbp_anonymous_reply_count":0,"_bbp_topic_count_hidden":0,"_bbp_reply_count_hidden":0,"_bbp_forum_subforum_count":0,"spay_email":""},"jetpack-related-posts":[{"id":749,"url":"https:\/\/ilei.esperantujo.io\/veki2021\/se-vi-ne-volas-malfermi-konton\/","url_meta":{"origin":999,"position":0},"title":"Se vi ne volas malfermi konton...","date":"Julio 15, 2021","format":false,"excerpt":"Kial bezonas malfermi konton en \u0109i tiu retejo? VEKI 2 estas paga evento. La Kongreskotizoj estas : por A-landanoj 20 EUR. Por B-landanoj 10 EUR. Por subvenciataj personoj 5 EUR. Do, por doni aliron pri kongresejo, ni organizantoj bezonas kontroli ali\u011dintojn kaj pagojn. Kaj la reteja sistemo multe helpas nin\u2026","rel":"","context":"Simila afi\u015do","img":{"alt_text":"","src":"","width":0,"height":0},"classes":[]},{"id":630,"url":"https:\/\/ilei.esperantujo.io\/veki2021\/kiel-partopreni-en-veki-2\/","url_meta":{"origin":999,"position":1},"title":"Kiel partopreni en VEKI 2?","date":"Junio 3, 2021","format":false,"excerpt":"VEKI 2 estas paga evento. Por \u011dui nian programon bone, oni bezonas registri\u011di en \u0109i tiu retejo. Depende de membrostato, oni vidas kongresejon kie ni povas \u011dui VEKI 2! Pa\u015doj por partopreni en VEKI 2 Malfermi konton (Registri\u011di en retejo VEKI2)Sendi ali\u011dilon (Ali\u011di la VEKI2)Pagi kongreskotizon (Pagi kotizon)Esti konfirmita la\u2026","rel":"","context":"Simila afi\u015do","img":{"alt_text":"","src":"","width":0,"height":0},"classes":[]},{"id":230,"url":"https:\/\/ilei.esperantujo.io\/veki2021\/pri-veki-2\/","url_meta":{"origin":999,"position":2},"title":"Pri VEKI 2","date":"Junio 1, 2021","format":false,"excerpt":"Virtuala Esperanto-Kongreso ILEI Pro la diversaj atakoj de retpiratoj en pluraj enretaj eventoj komence de 2020 la estraro de\u00a0ILEI\u00a0provas trovi solvon por malfaciligi la aliron al la evento\u00a0VEKI\u00a0al tiaj \u011denuloj. La estraro elektis du vojojn: ali\u011do endas kaj pago endas. La ali\u011doj ebligos al la organizantoj pli efike labori en\u2026","rel":"","context":"Simila afi\u015do","img":{"alt_text":"","src":"https:\/\/i1.wp.com\/ilei.esperantujo.io\/veki2021\/wp-content\/uploads\/2021\/06\/veki2021_o.png?fit=665%2C739&ssl=1&resize=350%2C200","width":350,"height":200},"classes":[]},{"id":3,"url":"https:\/\/ilei.esperantujo.io\/veki2021\/privateco\/","url_meta":{"origin":999,"position":3},"title":"Privateco","date":"Junio 2, 2021","format":false,"excerpt":"La ILEI-estraro komunikas al siaj membroj: La sidejo de la Internacia Ligo de Esperantistaj Instruistoj (ILEI) estas en Nieuwe Binnenweg 176, 3015 BJ Roterdamo, Nederlando. En E\u016dropa Unio.ILEI havas datumojn pri vi nur se vi mem transdonis ilin. ILEI uzas la datumojn por informi vin pri Esperanto kaj pri la\u2026","rel":"","context":"Simila afi\u015do","img":{"alt_text":"","src":"","width":0,"height":0},"classes":[]},{"id":817,"url":"https:\/\/ilei.esperantujo.io\/veki2021\/aligintoj\/","url_meta":{"origin":999,"position":4},"title":"Ali\u011dintoj","date":"Julio 24, 2021","format":false,"excerpt":"\u0108i tie aperas listo de ali\u011dintoj de VEKI 2. La \u011disdatigo ne estas a\u016dtomata sed mane ni \u011disdatigas. Se via nomo ne aperas ankora\u016d, ne maltrankvili\u011du balda\u016d aperos. Se vi havas dubon kaj deziras demandi por konfirmo bv. skribi al veki2021@ilei.esperantujo.io Se vi volas partopreni en VEKI 2 sed ankora\u016d\u2026","rel":"","context":"Simila afi\u015do","img":{"alt_text":"","src":"","width":0,"height":0},"classes":[]},{"id":508,"url":"https:\/\/ilei.esperantujo.io\/veki2021\/","url_meta":{"origin":999,"position":5},"title":"VEKI","date":"Marto 30, 2020","format":false,"excerpt":"","rel":"","context":"Simila afi\u015do","img":{"alt_text":"","src":"","width":0,"height":0},"classes":[]}],"_links":{"self":[{"href":"https:\/\/ilei.esperantujo.io\/veki2021\/wp-json\/wp\/v2\/pages\/999"}],"collection":[{"href":"https:\/\/ilei.esperantujo.io\/veki2021\/wp-json\/wp\/v2\/pages"}],"about":[{"href":"https:\/\/ilei.esperantujo.io\/veki2021\/wp-json\/wp\/v2\/types\/page"}],"author":[{"embeddable":true,"href":"https:\/\/ilei.esperantujo.io\/veki2021\/wp-json\/wp\/v2\/users\/1"}],"replies":[{"embeddable":true,"href":"https:\/\/ilei.esperantujo.io\/veki2021\/wp-json\/wp\/v2\/comments?post=999"}],"version-history":[{"count":8,"href":"https:\/\/ilei.esperantujo.io\/veki2021\/wp-json\/wp\/v2\/pages\/999\/revisions"}],"predecessor-version":[{"id":1145,"href":"https:\/\/ilei.esperantujo.io\/veki2021\/wp-json\/wp\/v2\/pages\/999\/revisions\/1145"}],"wp:attachment":[{"href":"https:\/\/ilei.esperantujo.io\/veki2021\/wp-json\/wp\/v2\/media?parent=999"}],"curies":[{"name":"wp","href":"https:\/\/api.w.org\/{rel}","templated":true}]}}